{"id":30392,"date":"2025-10-20T19:32:40","date_gmt":"2025-10-20T16:32:40","guid":{"rendered":"https:\/\/roxystore.net\/?post_type=product&#038;p=30392"},"modified":"2025-10-28T21:36:03","modified_gmt":"2025-10-28T18:36:03","slug":"ugreen-usb-c-hub-5-in-1-%d9%85%d8%ad%d9%88%d9%84-%d9%85%d8%aa%d9%83%d8%a7%d9%85%d9%84-%d8%a8%d8%a3%d8%af%d8%a7%d8%a1-%d9%85%d8%aa%d9%85%d9%8a%d8%b2","status":"publish","type":"product","link":"https:\/\/roxystore.net\/ar\/product\/ugreen-usb-c-hub-5-in-1-%d9%85%d8%ad%d9%88%d9%84-%d9%85%d8%aa%d9%83%d8%a7%d9%85%d9%84-%d8%a8%d8%a3%d8%af%d8%a7%d8%a1-%d9%85%d8%aa%d9%85%d9%8a%d8%b2\/","title":{"rendered":"\u064a\u0648\u062c\u0631\u064a\u0646 \u0623\u0648\u0646\u0648 \u064a\u0648 \u0625\u0633 \u0628\u064a \u0633\u064a \u0647\u0627\u0628 4K60Hz PD100W 10Gbps \u0645\u062d\u0648\u0644 \u0645\u0648\u0632\u0639 USB3.2 \u0644\u0623\u062c\u0647\u0632\u0629 \u0627\u0644\u0643\u0645\u0628\u064a\u0648\u062a\u0631 \u0627\u0644\u0645\u062d\u0645\u0648\u0644\u0629 \u0645\u0627\u0643 \u0628\u0648\u0643 \u0628\u0631\u0648 \u0622\u064a\u0631 \u0645\u062d\u0637\u0629 \u0625\u0631\u0633\u0627\u0621 \u0645\u0648\u0633\u0639 (5 \u0641\u064a 1 (1\u00d7HDMI 3\u00d7USB 1\u00d7PD))"},"content":{"rendered":"<hr data-start=\"154\" data-end=\"157\" \/>\n<h3 data-start=\"159\" data-end=\"220\">\u26a1 <strong data-start=\"165\" data-end=\"220\">Ugreen One USB-C Hub 5-in-1 \u2013 \u0623\u062f\u0627\u0621 \u0641\u0627\u0626\u0642 \u0628\u062a\u0635\u0645\u064a\u0645 \u0623\u0646\u064a\u0642<\/strong><\/h3>\n<p data-start=\"221\" data-end=\"450\">\u0627\u0631\u062a\u0642\u0650 \u0628\u0625\u0645\u0643\u0627\u0646\u0627\u062a \u062c\u0647\u0627\u0632\u0643 \u0645\u0639 <strong data-start=\"245\" data-end=\"269\">Ugreen One USB-C Hub<\/strong>\u060c \u0627\u0644\u062d\u0644\u0651 \u0627\u0644\u0630\u0643\u064a \u0644\u062a\u0648\u0633\u064a\u0639 \u0645\u0646\u0627\u0641\u0630 \u062d\u0627\u0633\u0648\u0628\u0643 \u0627\u0644\u0645\u062d\u0645\u0648\u0644 \u0648\u062a\u062d\u0642\u064a\u0642 \u0623\u0642\u0635\u0649 \u0625\u0646\u062a\u0627\u062c\u064a\u0629.<br data-start=\"331\" data-end=\"334\" \/>\u062a\u0645 \u062a\u0635\u0645\u064a\u0645 \u0647\u0630\u0627 \u0627\u0644\u0645\u062d\u0648\u0644 \u062e\u0635\u064a\u0635\u064b\u0627 \u0644\u0639\u0634\u0627\u0642 \u0627\u0644\u0623\u062f\u0627\u0621 \u0627\u0644\u0639\u0627\u0644\u064a\u060c \u062d\u064a\u062b \u064a\u062c\u0645\u0639 \u0628\u064a\u0646 <strong data-start=\"395\" data-end=\"423\">\u0627\u0644\u0633\u0631\u0639\u0629\u060c \u0648\u0627\u0644\u062f\u0642\u0629\u060c \u0648\u0627\u0644\u0623\u0646\u0627\u0642\u0629<\/strong> \u0641\u064a \u0642\u0637\u0639\u0629 \u0648\u0627\u062d\u062f\u0629 \u0635\u063a\u064a\u0631\u0629 \u0627\u0644\u062d\u062c\u0645.<\/p>\n<hr data-start=\"452\" data-end=\"455\" \/>\n<h3 data-start=\"457\" data-end=\"492\">\ud83c\udfa5 <strong data-start=\"464\" data-end=\"492\">\u0648\u0636\u0648\u062d \u0645\u0630\u0647\u0644 \u0628\u062f\u0642\u0629 4K @ 60Hz<\/strong><\/h3>\n<p data-start=\"493\" data-end=\"654\">\u0627\u0633\u062a\u0645\u062a\u0639 \u0628\u0639\u0631\u0636 \u0628\u0635\u0631\u064a \u0644\u0627 \u0645\u062b\u064a\u0644 \u0644\u0647 \u0645\u0639 <strong data-start=\"524\" data-end=\"563\">\u0645\u0646\u0641\u0630 HDMI \u064a\u062f\u0639\u0645 4K UHD \u0628\u0633\u0631\u0639\u0629 60 \u0647\u0631\u062a\u0632<\/strong>\u060c \u0644\u062a\u062c\u0631\u0628\u0629 \u0645\u0634\u0627\u0647\u062f\u0629 \u0633\u0644\u0633\u0629 \u0648\u0645\u0630\u0647\u0644\u0629 \u0633\u0648\u0627\u0621 \u0641\u064a \u0627\u0644\u0627\u062c\u062a\u0645\u0627\u0639\u0627\u062a \u0623\u0648 \u0623\u062b\u0646\u0627\u0621 \u0645\u0634\u0627\u0647\u062f\u0629 \u0627\u0644\u0623\u0641\u0644\u0627\u0645 \u0623\u0648 \u062a\u062d\u0631\u064a\u0631 \u0627\u0644\u0641\u064a\u062f\u064a\u0648\u0647\u0627\u062a.<\/p>\n<hr data-start=\"656\" data-end=\"659\" \/>\n<h3 data-start=\"661\" data-end=\"700\">\u2699\ufe0f <strong data-start=\"668\" data-end=\"700\">\u0633\u0631\u0639\u0629 \u0646\u0642\u0644 \u0628\u064a\u0627\u0646\u0627\u062a \u062e\u0627\u0631\u0642\u0629 10Gbps<\/strong><\/h3>\n<p data-start=\"701\" data-end=\"842\">\u0627\u062d\u0635\u0644 \u0639\u0644\u0649 <strong data-start=\"710\" data-end=\"729\">3 \u0645\u0646\u0627\u0641\u0630 USB 3.2<\/strong> \u062a\u062a\u064a\u062d \u0644\u0643 \u0646\u0642\u0644 \u0627\u0644\u0645\u0644\u0641\u0627\u062a \u0627\u0644\u0643\u0628\u064a\u0631\u0629\u060c \u0627\u0644\u0635\u0648\u0631\u060c \u0648\u0627\u0644\u0641\u064a\u062f\u064a\u0648\u0647\u0627\u062a \u0628\u0633\u0631\u0639\u0629 \u062a\u0635\u0644 \u0625\u0644\u0649 <strong data-start=\"792\" data-end=\"816\">10 \u062c\u064a\u062c\u0627\u0628\u062a \u0641\u064a \u0627\u0644\u062b\u0627\u0646\u064a\u0629<\/strong> \u2014 \u0623\u0633\u0631\u0639 20 \u0645\u0631\u0629 \u0645\u0646 USB 2.0.<\/p>\n<hr data-start=\"844\" data-end=\"847\" \/>\n<h3 data-start=\"849\" data-end=\"885\">\ud83d\udd0b <strong data-start=\"856\" data-end=\"885\">\u0634\u062d\u0646 \u0633\u0631\u064a\u0639 \u0648\u0622\u0645\u0646 \u062d\u062a\u0649 100 \u0648\u0627\u0637<\/strong><\/h3>\n<p data-start=\"886\" data-end=\"1050\">\u0644\u0627 \u062a\u0642\u0644\u0642 \u0628\u0634\u0623\u0646 \u0627\u0644\u0637\u0627\u0642\u0629 \u2014 \u064a\u062f\u0639\u0645 <strong data-start=\"913\" data-end=\"929\">\u0645\u0646\u0641\u0630 PD 100W<\/strong> \u0627\u0644\u0634\u062d\u0646 \u0627\u0644\u0633\u0631\u064a\u0639 \u0644\u0623\u062c\u0647\u0632\u0629 <strong data-start=\"950\" data-end=\"971\">MacBook Pro \/ Air<\/strong> \u0648\u063a\u064a\u0631\u0647\u0627 \u0645\u0646 \u0627\u0644\u062d\u0648\u0627\u0633\u064a\u0628 \u0627\u0644\u0645\u062d\u0645\u0648\u0644\u0629 \u0627\u0644\u0645\u062a\u0637\u0648\u0631\u0629\u060c \u0645\u0639 \u062d\u0645\u0627\u064a\u0629 \u0630\u0643\u064a\u0629 \u0636\u062f \u0627\u0644\u062a\u064a\u0627\u0631 \u0627\u0644\u0632\u0627\u0626\u062f \u0648\u0627\u0644\u062d\u0631\u0627\u0631\u0629.<\/p>\n<hr data-start=\"1052\" data-end=\"1055\" \/>\n<h3 data-start=\"1057\" data-end=\"1085\">\ud83d\udcbc <strong data-start=\"1064\" data-end=\"1085\">\u062a\u0635\u0645\u064a\u0645 \u0623\u0646\u064a\u0642 \u0648\u0645\u062d\u0645\u0648\u0644<\/strong><\/h3>\n<p data-start=\"1086\" data-end=\"1242\">\u0647\u064a\u0643\u0644 \u0645\u0646 \u0627\u0644\u0623\u0644\u0645\u0646\u064a\u0648\u0645 \u0627\u0644\u0641\u0627\u062e\u0631 \u0628\u0644\u0645\u0633\u0629 \u0646\u0647\u0627\u0626\u064a\u0629 \u0623\u0646\u064a\u0642\u0629 \u064a\u0636\u0645\u0646 \u062a\u0628\u062f\u064a\u062f \u062d\u0631\u0627\u0631\u0629 \u0645\u062b\u0627\u0644\u064a \u0648\u0645\u062a\u0627\u0646\u0629 \u0637\u0648\u064a\u0644\u0629 \u0627\u0644\u0623\u0645\u062f. \u062e\u0641\u064a\u0641 \u0627\u0644\u0648\u0632\u0646 \u0648\u0635\u063a\u064a\u0631 \u0627\u0644\u062d\u062c\u0645 \u0644\u064a\u062a\u0646\u0627\u0633\u0628 \u0645\u0639 \u0623\u0633\u0644\u0648\u0628\u0643 \u0627\u0644\u0639\u0645\u0644\u064a \u0623\u062b\u0646\u0627\u0621 \u0627\u0644\u0633\u0641\u0631 \u0623\u0648 \u0627\u0644\u0639\u0645\u0644.<\/p>\n<hr data-start=\"1244\" data-end=\"1247\" \/>\n<h3 data-start=\"1249\" data-end=\"1275\">\ud83d\udca1 <strong data-start=\"1256\" data-end=\"1275\">\u0645\u0648\u0627\u0635\u0641\u0627\u062a \u0645\u062e\u062a\u0635\u0631\u0629:<\/strong><\/h3>\n<ul data-start=\"1276\" data-end=\"1501\">\n<li data-start=\"1276\" data-end=\"1334\">\n<p data-start=\"1278\" data-end=\"1334\">\u0627\u0644\u0645\u0646\u0627\u0641\u0630: <strong data-start=\"1287\" data-end=\"1332\">1\u00d7 HDMI 4K@60Hz + 3\u00d7 USB 3.2 + 1\u00d7 PD 100W<\/strong><\/p>\n<\/li>\n<li data-start=\"1335\" data-end=\"1365\">\n<p data-start=\"1337\" data-end=\"1365\">\u0633\u0631\u0639\u0629 \u0627\u0644\u0646\u0642\u0644: <strong data-start=\"1349\" data-end=\"1363\">\u062d\u062a\u0649 10Gbps<\/strong><\/p>\n<\/li>\n<li data-start=\"1366\" data-end=\"1436\">\n<p data-start=\"1368\" data-end=\"1436\">\u0627\u0644\u062a\u0648\u0627\u0641\u0642: <strong data-start=\"1377\" data-end=\"1434\">MacBook Pro \/ Air \/ Windows \/ iPad \/ \u0623\u062c\u0647\u0632\u0629 USB-C \u0623\u062e\u0631\u0649<\/strong><\/p>\n<\/li>\n<li data-start=\"1437\" data-end=\"1473\">\n<p data-start=\"1439\" data-end=\"1473\">\u0627\u0644\u0645\u0648\u0627\u062f: <strong data-start=\"1447\" data-end=\"1471\">\u0623\u0644\u0645\u0646\u064a\u0648\u0645 \u0645\u0642\u0627\u0648\u0645 \u0644\u0644\u062a\u0622\u0643\u0644<\/strong><\/p>\n<\/li>\n<li data-start=\"1474\" data-end=\"1501\">\n<p data-start=\"1476\" data-end=\"1501\">\u0627\u0644\u0644\u0648\u0646: <strong data-start=\"1483\" data-end=\"1501\">\u0631\u0645\u0627\u062f\u064a \u0641\u0636\u064a \u0623\u0646\u064a\u0642<\/strong><\/p>\n<\/li>\n<\/ul>\n<hr data-start=\"1503\" data-end=\"1506\" \/>\n<p data-start=\"1508\" data-end=\"1636\">\u2728 <strong data-start=\"1510\" data-end=\"1557\">Ugreen One Hub \u2014 \u0645\u062d\u0648\u0644 \u0648\u0627\u062d\u062f\u060c \u0623\u062f\u0627\u0621 \u063a\u064a\u0631 \u0645\u062d\u062f\u0648\u062f.<\/strong><br data-start=\"1557\" data-end=\"1560\" \/>\u062d\u0648\u0651\u0644 \u0645\u0646\u0641\u0630 USB-C \u0625\u0644\u0649 \u0645\u0631\u0643\u0632 \u0625\u0646\u062a\u0627\u062c\u064a\u0629 \u0645\u062a\u0643\u0627\u0645\u0644 \u064a\u0646\u0627\u0633\u0628 \u0643\u0644 \u0627\u062d\u062a\u064a\u0627\u062c\u0627\u062a\u0643 \u0627\u0644\u064a\u0648\u0645\u064a\u0629 \u0648\u0627\u0644\u0645\u0647\u0646\u064a\u0629.<\/p>\n","protected":false},"excerpt":{"rendered":"<p><strong data-start=\"779\" data-end=\"806\">Ugreen USB-C Hub 5 \u0641\u064a 1<\/strong> \u0647\u0648 \u0627\u0644\u062d\u0644 \u0627\u0644\u0623\u0645\u062b\u0644 \u0644\u062a\u0648\u0633\u064a\u0639 \u0645\u0646\u0627\u0641\u0630 \u062c\u0647\u0627\u0632\u0643. \u064a\u062a\u0645\u064a\u0632 <strong data-start=\"848\" data-end=\"868\">Ugreen USB-C Hub<\/strong> \u0628\u062f\u0639\u0645 \u0639\u0631\u0636 <strong data-start=\"878\" data-end=\"894\">4K@60Hz HDMI<\/strong>\u060c \u0648\u0633\u0631\u0639\u0629 \u0646\u0642\u0644 \u0628\u064a\u0627\u0646\u0627\u062a \u062a\u0635\u0644 \u0625\u0644\u0649 <strong data-start=\"921\" data-end=\"931\">10Gbps<\/strong> \u0639\u0628\u0631 <strong data-start=\"936\" data-end=\"955\">3 \u0645\u0646\u0627\u0641\u0630 USB 3.2<\/strong>\u060c \u0645\u0639 \u0634\u062d\u0646 \u0633\u0631\u064a\u0639 \u0639\u0628\u0631 \u0645\u0646\u0641\u0630 <strong data-start=\"978\" data-end=\"989\">PD 100W<\/strong>. \u0645\u062b\u0627\u0644\u064a \u0644\u0623\u062c\u0647\u0632\u0629 <strong data-start=\"1004\" data-end=\"1025\">MacBook Pro \/ Air<\/strong> \u0648\u0627\u0644\u0644\u0627\u0628\u062a\u0648\u0628\u0627\u062a \u0627\u0644\u0645\u0632\u0648\u062f\u0629 \u0628\u0645\u0646\u0641\u0630 <strong data-start=\"1052\" data-end=\"1061\">USB-C<\/strong>. \u062a\u0635\u0645\u064a\u0645 \u0623\u0646\u064a\u0642\u060c \u0623\u062f\u0627\u0621 \u0627\u062d\u062a\u0631\u0627\u0641\u064a\u060c \u0648\u062a\u062c\u0631\u0628\u0629 \u0627\u0633\u062a\u062e\u062f\u0627\u0645 \u0645\u062a\u0643\u0627\u0645\u0644\u0629 \u0623\u064a\u0646\u0645\u0627 \u0643\u0646\u062a.<\/p>\n","protected":false},"featured_media":30400,"comment_status":"open","ping_status":"closed","template":"","meta":[],"product_brand":[677],"product_cat":[101],"product_tag":[],"class_list":{"0":"post-30392","1":"product","2":"type-product","3":"status-publish","4":"has-post-thumbnail","6":"product_brand-ugreen","7":"product_cat-computer","9":"first","10":"instock","11":"sale","12":"shipping-taxable","13":"purchasable","14":"product-type-simple"},"jetpack_sharing_enabled":true,"_links":{"self":[{"href":"https:\/\/roxystore.net\/ar\/wp-json\/wp\/v2\/product\/30392","targetHints":{"allow":["GET"]}}],"collection":[{"href":"https:\/\/roxystore.net\/ar\/wp-json\/wp\/v2\/product"}],"about":[{"href":"https:\/\/roxystore.net\/ar\/wp-json\/wp\/v2\/types\/product"}],"replies":[{"embeddable":true,"href":"https:\/\/roxystore.net\/ar\/wp-json\/wp\/v2\/comments?post=30392"}],"version-history":[{"count":0,"href":"https:\/\/roxystore.net\/ar\/wp-json\/wp\/v2\/product\/30392\/revisions"}],"wp:featuredmedia":[{"embeddable":true,"href":"https:\/\/roxystore.net\/ar\/wp-json\/wp\/v2\/media\/30400"}],"wp:attachment":[{"href":"https:\/\/roxystore.net\/ar\/wp-json\/wp\/v2\/media?parent=30392"}],"wp:term":[{"taxonomy":"product_brand","embeddable":true,"href":"https:\/\/roxystore.net\/ar\/wp-json\/wp\/v2\/product_brand?post=30392"},{"taxonomy":"product_cat","embeddable":true,"href":"https:\/\/roxystore.net\/ar\/wp-json\/wp\/v2\/product_cat?post=30392"},{"taxonomy":"product_tag","embeddable":true,"href":"https:\/\/roxystore.net\/ar\/wp-json\/wp\/v2\/product_tag?post=30392"}],"curies":[{"name":"wp","href":"https:\/\/api.w.org\/{rel}","templated":true}]}}